{"id":112,"date":"2026-02-06T11:32:47","date_gmt":"2026-02-06T11:32:47","guid":{"rendered":"https:\/\/sparkoffire.com\/about\/"},"modified":"2026-02-06T11:33:29","modified_gmt":"2026-02-06T11:33:29","slug":"about","status":"publish","type":"page","link":"https:\/\/sparkoffire.com\/en\/about\/","title":{"rendered":"About"},"content":{"rendered":"<div class=\"wp-block-uagb-container uagb-block-e8dd4de3 alignfull uagb-is-root-container\"><div class=\"uagb-container-inner-blocks-wrap\">\n<div class=\"wp-block-uagb-info-box uagb-block-cd8c06c2 uagb-infobox__content-wrap  uagb-infobox-icon-above-title uagb-infobox-image-valign-top wp-block-uagb-info-box--has-margin\"><div class=\"uagb-infobox-margin-wrapper\"><div class=\"uagb-ifb-content\"><div class=\"uagb-ifb-title-wrap\"><p class=\"uagb-ifb-title-prefix\">Tunne meie lugu<\/p><h1 class=\"uagb-ifb-title\">Avasta Spark of Fire br\u00e4ndi s\u00fcgavad juured ja visioon<\/h1><\/div><div class=\"uagb-ifb-separator\"><\/div><\/div><\/div><\/div>\n<\/div><\/div>\n\n\n\n<div class=\"wp-block-uagb-container uagb-block-510023d1 alignfull uagb-is-root-container\"><div class=\"uagb-container-inner-blocks-wrap\">\n<div class=\"wp-block-uagb-image uagb-block-8a1eac8a wp-block-uagb-image--layout-default wp-block-uagb-image--effect-static wp-block-uagb-image--align-none\"><figure class=\"wp-block-uagb-image__figure\"><img decoding=\"async\" srcset=\"https:\/\/sparkoffire.com\/wp-content\/uploads\/2026\/02\/27dd06c3-ad1c-4bae-ae2b-a951f6c249d5-1.png ,https:\/\/sparkoffire.com\/wp-content\/uploads\/2024\/05\/who-are-we-02.jpg 780w, https:\/\/sparkoffire.com\/wp-content\/uploads\/2024\/05\/who-are-we-02.jpg 360w\" sizes=\"auto, (max-width: 480px) 150px\" src=\"https:\/\/sparkoffire.com\/wp-content\/uploads\/2026\/02\/27dd06c3-ad1c-4bae-ae2b-a951f6c249d5-1.png\" alt=\"\" class=\"uag-image-67\" width=\"1200\" height=\"420\" title=\"who-are-we-02\" loading=\"lazy\" role=\"img\"\/><\/figure><\/div>\n\n\n\n<div class=\"wp-block-uagb-container uagb-layout-grid uagb-block-e30bfe02\">\n<div class=\"wp-block-uagb-advanced-heading uagb-block-ff6fe459\"><h2 class=\"uagb-heading-text\">Kes me oleme<\/h2><div class=\"uagb-separator\"><\/div><\/div>\n\n\n\n<div class=\"wp-block-uagb-info-box uagb-block-457ca2a7 uagb-infobox__content-wrap  uagb-infobox-icon-above-title uagb-infobox-image-valign-top\"><div class=\"uagb-ifb-content\"><div class=\"uagb-ifb-title-wrap\"><h3 class=\"uagb-ifb-title-prefix\">Teie usaldusv\u00e4\u00e4rne partner v\u00f5istlusriiete maailmas<\/h3><p class=\"uagb-ifb-title\">Spark of Fire on juhtiv premium br\u00e4nd, mis on p\u00fchendunud kvaliteetsete ja elegantsete v\u00f5istlusriiete loomisele. Meie kliendid on saavutanud oma eesm\u00e4rke meie eritellimusel valmistatud bikiinide ja monokiinide kaudu, mis tagavad nii mugavuse kui enesekindluse laval.<\/p><\/div><p class=\"uagb-ifb-desc\">Meie br\u00e4nd p\u00fc\u00fcab inspireerida igat v\u00f5istlejat leidma endas s\u00e4ra ja edule orienteeritud l\u00e4henemist igas sammus.<\/p><\/div><\/div>\n<\/div>\n<\/div><\/div>\n\n\n\n<div class=\"wp-block-uagb-container uagb-block-fc7a701d alignfull uagb-is-root-container\"><div class=\"uagb-container-inner-blocks-wrap\">\n<div class=\"wp-block-uagb-advanced-heading uagb-block-c3875504\"><h2 class=\"uagb-heading-text\">Meie missioon ja v\u00e4\u00e4rtused<\/h2><div class=\"uagb-separator\"><\/div><\/div>\n\n\n\n<div class=\"wp-block-uagb-container uagb-layout-grid uagb-block-17dafbc4\">\n<div class=\"wp-block-uagb-advanced-heading uagb-block-858058df\"><h3 class=\"uagb-heading-text\">Meie missioon<\/h3><p class=\"uagb-desc-text\">Oleme p\u00fchendunud pakkuma k\u00f5rgeima kvaliteediga ja kohandatud v\u00f5istlusriideid, et iga meie klient tunneks end enesekindlalt ja j\u00f5uliselt. Meie eesm\u00e4rk on toetada ja inspireerida v\u00f5istlejaid igas etapis nende teekonnal.<\/p><\/div>\n\n\n\n<div class=\"wp-block-uagb-advanced-heading uagb-block-e3961444\"><h3 class=\"uagb-heading-text\">Meie v\u00e4\u00e4rtused<\/h3><p class=\"uagb-desc-text\">Usume, et kvaliteet ja k\u00e4sit\u00f6\u00f6 on aluseks k\u00f5igile meie toodetele. Meie v\u00e4\u00e4rtused tuginevad usaldusv\u00e4\u00e4rsusele, innovatsioonile ja loomingulisusele, et pakkuda parimat kogemust meie klientidele, toetades neid ainulaadsete ja r\u00f5\u00f5mu toovate riietega.<\/p><\/div>\n<\/div>\n<\/div><\/div>\n\n\n\n<div class=\"wp-block-uagb-container uagb-layout-flex uagb-block-739d3338 alignfull uagb-is-root-container\"><div class=\"uagb-container-inner-blocks-wrap\">\n<div class=\"wp-block-uagb-info-box uagb-block-7feea42c uagb-infobox__content-wrap  uagb-infobox-icon-above-title uagb-infobox-image-valign-top\"><div class=\"uagb-ifb-content\"><div class=\"uagb-ifb-title-wrap\"><h2 class=\"uagb-ifb-title-prefix\">Meie teekond<\/h2><div class=\"uagb-ifb-separator\"><\/div><h3 class=\"uagb-ifb-title\">Spark of Fire ajalugu ja areng<\/h3><\/div><p class=\"uagb-ifb-desc\">Spark of Fire rajati kirgliku meeskonna poolt, kes soovis luua naistele kvaliteetseid ja retroh\u00f5ngulisi v\u00f5istlusriideid. Meie br\u00e4nd on aastate jooksul kasvanud, saavutades tuntuse oma innovaatiliste disainide ja ainulaadsete eritellimuste kaudu, mis vastavad iga kliendi erivajadustele.<\/p><\/div><\/div>\n\n\n\n<div class=\"wp-block-uagb-container uagb-block-0954e0d1\">\n<div class=\"wp-block-uagb-image alignleft uagb-block-a26bb979 wp-block-uagb-image--layout-default wp-block-uagb-image--effect-static wp-block-uagb-image--align-left\"><figure class=\"wp-block-uagb-image__figure\"><img decoding=\"async\" srcset=\"https:\/\/sparkoffire.com\/wp-content\/uploads\/2026\/02\/94e0727a3d4c661c848903e8bd5ac9c7-1.jpg ,https:\/\/sparkoffire.com\/wp-content\/uploads\/2026\/02\/94e0727a3d4c661c848903e8bd5ac9c7-1.jpg 780w, https:\/\/sparkoffire.com\/wp-content\/uploads\/2026\/02\/94e0727a3d4c661c848903e8bd5ac9c7-1.jpg 360w\" sizes=\"auto, (max-width: 480px) 150px\" src=\"https:\/\/sparkoffire.com\/wp-content\/uploads\/2026\/02\/94e0727a3d4c661c848903e8bd5ac9c7-1.jpg\" alt=\"\" class=\"uag-image-68\" width=\"450\" height=\"250\" title=\"our-story-01\" loading=\"lazy\" role=\"img\"\/><\/figure><\/div>\n\n\n\n<div class=\"wp-block-uagb-image uagb-block-3f3c6c54 wp-block-uagb-image--layout-default wp-block-uagb-image--effect-static wp-block-uagb-image--align-none\"><figure class=\"wp-block-uagb-image__figure\"><img decoding=\"async\" srcset=\"https:\/\/sparkoffire.com\/wp-content\/uploads\/2026\/02\/137c72546ce9e81d50dd0c409d317f04-1.jpg ,https:\/\/sparkoffire.com\/wp-content\/uploads\/2026\/02\/137c72546ce9e81d50dd0c409d317f04-1.jpg 780w, https:\/\/sparkoffire.com\/wp-content\/uploads\/2026\/02\/137c72546ce9e81d50dd0c409d317f04-1.jpg 360w\" sizes=\"auto, (max-width: 480px) 150px\" src=\"https:\/\/sparkoffire.com\/wp-content\/uploads\/2026\/02\/137c72546ce9e81d50dd0c409d317f04-1.jpg\" alt=\"\" class=\"uag-image-69\" width=\"450\" height=\"250\" title=\"our-story-02\" loading=\"lazy\" role=\"img\"\/><\/figure><\/div>\n<\/div>\n<\/div><\/div>\n\n\n\n<div class=\"wp-block-uagb-container uagb-block-a1be7688 alignfull uagb-is-root-container\"><div class=\"uagb-container-inner-blocks-wrap\">\n<div class=\"wp-block-uagb-info-box uagb-block-5c2a4b94 uagb-infobox__content-wrap  uagb-infobox-icon-above-title uagb-infobox-image-valign-top wp-block-uagb-info-box--has-margin\"><div class=\"uagb-infobox-margin-wrapper\"><div class=\"uagb-ifb-content\"><div class=\"uagb-ifb-separator\"><\/div><div class=\"uagb-ifb-title-wrap\"><h2 class=\"uagb-ifb-title-prefix\">The details that count!<\/h2><\/div><div class=\"uagb-ifb-button-wrapper wp-block-button\"><a href=\"\/en\/shop\/\" class=\"uagb-infobox-cta-link wp-block-button__link\" target=\"_self\" rel=\"noopener noreferrer\" onclick=\"return true;\"><span class=\"uagb-inline-editing\">Visit the shop<\/span><\/a><\/div><\/div><\/div><\/div>\n<\/div><\/div>","protected":false},"excerpt":{"rendered":"<p>Kes me oleme Meie missioon ja v\u00e4\u00e4rtused Meie missioon Oleme p\u00fchendunud pakkuma k\u00f5rgeima kvaliteediga ja kohandatud v\u00f5istlusriideid, et iga meie [&hellip;]<\/p>\n","protected":false},"author":1,"featured_media":0,"parent":0,"menu_order":0,"comment_status":"closed","ping_status":"closed","template":"","meta":{"_uag_custom_page_level_css":"","site-sidebar-layout":"default","site-content-layout":"","ast-site-content-layout":"default","site-content-style":"default","site-sidebar-style":"default","ast-global-header-display":"","ast-banner-title-visibility":"","ast-main-header-display":"","ast-hfb-above-header-display":"","ast-hfb-below-header-display":"","ast-hfb-mobile-header-display":"","site-post-title":"disabled","ast-breadcrumbs-content":"","ast-featured-img":"","footer-sml-layout":"","ast-disable-related-posts":"","theme-transparent-header-meta":"enabled","adv-header-id-meta":"","stick-header-meta":"","header-above-stick-meta":"","header-main-stick-meta":"","header-below-stick-meta":"","astra-migrate-meta-layouts":"default","ast-page-background-enabled":"default","ast-page-background-meta":{"desktop":{"background-color":"var(--ast-global-color-4)","background-image":"","background-repeat":"repeat","background-position":"center center","background-size":"auto","background-attachment":"scroll","background-type":"","background-media":"","overlay-type":"","overlay-color":"","overlay-opacity":"","overlay-gradient":""},"tablet":{"background-color":"","background-image":"","background-repeat":"repeat","background-position":"center center","background-size":"auto","background-attachment":"scroll","background-type":"","background-media":"","overlay-type":"","overlay-color":"","overlay-opacity":"","overlay-gradient":""},"mobile":{"background-color":"","background-image":"","background-repeat":"repeat","background-position":"center center","background-size":"auto","background-attachment":"scroll","background-type":"","background-media":"","overlay-type":"","overlay-color":"","overlay-opacity":"","overlay-gradient":""}},"ast-content-background-meta":{"desktop":{"background-color":"var(--ast-global-color-5)","background-image":"","background-repeat":"repeat","background-position":"center center","background-size":"auto","background-attachment":"scroll","background-type":"","background-media":"","overlay-type":"","overlay-color":"","overlay-opacity":"","overlay-gradient":""},"tablet":{"background-color":"var(--ast-global-color-5)","background-image":"","background-repeat":"repeat","background-position":"center center","background-size":"auto","background-attachment":"scroll","background-type":"","background-media":"","overlay-type":"","overlay-color":"","overlay-opacity":"","overlay-gradient":""},"mobile":{"background-color":"var(--ast-global-color-5)","background-image":"","background-repeat":"repeat","background-position":"center center","background-size":"auto","background-attachment":"scroll","background-type":"","background-media":"","overlay-type":"","overlay-color":"","overlay-opacity":"","overlay-gradient":""}},"footnotes":""},"class_list":["post-112","page","type-page","status-publish","hentry"],"uagb_featured_image_src":{"full":false,"thumbnail":false,"medium":false,"medium_large":false,"large":false,"1536x1536":false,"2048x2048":false,"trp-custom-language-flag":false,"woocommerce_thumbnail":false,"woocommerce_single":false,"woocommerce_gallery_thumbnail":false},"uagb_author_info":{"display_name":"sofbik","author_link":"https:\/\/sparkoffire.com\/en\/author\/sofbik\/"},"uagb_comment_info":0,"uagb_excerpt":"Kes me oleme Meie missioon ja v\u00e4\u00e4rtused Meie missioon Oleme p\u00fchendunud pakkuma k\u00f5rgeima kvaliteediga ja kohandatud v\u00f5istlusriideid, et iga meie [&hellip;]","_links":{"self":[{"href":"https:\/\/sparkoffire.com\/en\/wp-json\/wp\/v2\/pages\/112","targetHints":{"allow":["GET"]}}],"collection":[{"href":"https:\/\/sparkoffire.com\/en\/wp-json\/wp\/v2\/pages"}],"about":[{"href":"https:\/\/sparkoffire.com\/en\/wp-json\/wp\/v2\/types\/page"}],"author":[{"embeddable":true,"href":"https:\/\/sparkoffire.com\/en\/wp-json\/wp\/v2\/users\/1"}],"replies":[{"embeddable":true,"href":"https:\/\/sparkoffire.com\/en\/wp-json\/wp\/v2\/comments?post=112"}],"version-history":[{"count":3,"href":"https:\/\/sparkoffire.com\/en\/wp-json\/wp\/v2\/pages\/112\/revisions"}],"predecessor-version":[{"id":543,"href":"https:\/\/sparkoffire.com\/en\/wp-json\/wp\/v2\/pages\/112\/revisions\/543"}],"wp:attachment":[{"href":"https:\/\/sparkoffire.com\/en\/wp-json\/wp\/v2\/media?parent=112"}],"curies":[{"name":"wp","href":"https:\/\/api.w.org\/{rel}","templated":true}]}}