{"id":10,"date":"2026-02-12T09:16:28","date_gmt":"2026-02-12T09:16:28","guid":{"rendered":"https:\/\/sparkoffire.com\/?page_id=10"},"modified":"2026-02-12T15:26:25","modified_gmt":"2026-02-12T15:26:25","slug":"refund_returns","status":"publish","type":"page","link":"https:\/\/sparkoffire.com\/en\/refund_returns\/","title":{"rendered":"Terms of sale"},"content":{"rendered":"<p><\/p>\n\n\n\n<div class=\"wp-block-uagb-container uagb-block-e8dd4de3 alignfull uagb-is-root-container\"><div class=\"uagb-container-inner-blocks-wrap\">\n<div class=\"wp-block-uagb-info-box uagb-block-cd8c06c2 uagb-infobox__content-wrap  uagb-infobox-icon-above-title uagb-infobox-image-valign-top wp-block-uagb-info-box--has-margin\"><div class=\"uagb-infobox-margin-wrapper\"><div class=\"uagb-ifb-content\"><div class=\"uagb-ifb-title-wrap\"><h1 class=\"uagb-ifb-title\">Terms of sale<\/h1><\/div><div class=\"uagb-ifb-separator\"><\/div><\/div><\/div><\/div>\n<\/div><\/div>\n\n\n\n<div class=\"wp-block-uagb-container uagb-layout-flex uagb-block-ecb9fea2 alignfull uagb-is-root-container\"><div class=\"uagb-container-inner-blocks-wrap\">\n<div class=\"wp-block-uagb-advanced-heading uagb-block-d3c3d738\"><p class=\"uagb-desc-text\">The owner of the online store sparkoffire.com is O\u00dc Reidlaw, an Estonian private limited company (registry code 17155043)<br><strong>1. VALIDITY OF THE SALES CONTRACT, PRODUCT AND PRICE INFORMATION<\/strong><br><br>1.1. These Terms and Conditions apply to the purchase of goods from the Online Store.<br>1.2. The prices of the products sold in the Online Store are indicated next to the products. Depending on the delivery method selected by the buyer, a delivery fee may be added to the price. All prices of the goods sold in the Online Store are in euros (EUR).<br>1.3. The delivery fee depends on the buyer\u2019s location and the chosen delivery method. The delivery fee is displayed to the buyer when placing the order.<br>1.4. Information about the goods is provided in the Online Store directly next to the goods.<br><br><strong>2. PLACING AN ORDER<\/strong><br>2.1. Kauba tellimiseks tuleb lisada soovitud tooted ostukorvi. Tellimuse vormistamiseks tuleb t\u00e4ita n\u00f5utud andmev\u00e4ljad ning valida sobiv toodete kohaletoimetamise viis. Seej\u00e4rel kuvatakse ekraanile tasu suurus, mille saab tasuda turvaliselt l\u00e4bi makselahenduse teenusepakkuja Montonio.<br>2.2. Kui tellitud kaupa ei ole v\u00f5imalik tarnida seoses kauba l\u00f5ppemisega v\u00f5i muul p\u00f5hjusel, teavitatakse sellest ostjat esimesel v\u00f5imalusel ning tagastatakse tasutud raha (sh kauba k\u00e4ttetoimetamise kulud) viivitamata, kuid mitte hiljem kui 14 p\u00e4eva jooksul teate saatmisest.<br><br><strong>3. KOHALETOIMETAMINE<\/strong><br>3.1. Kauba k\u00e4ttesaamiseks on ostjal v\u00f5imalik see tellida endale sobivasse pakiautomaati.<br>3.2. Kauba transpordikulud kannab ostja ning vastav hinnainfo on kuvatud saatmisviisi juures.<br>3.3. Laos olevad tooted j\u00f5uavad \u00fcldjuhul Eestis piires sihtpunkti hiljemalt 7 t\u00f6\u00f6p\u00e4eva ning \u00fclej\u00e4\u00e4nud Euroopa piires 10 t\u00f6\u00f6p\u00e4eva jooksul alates tellimuse vormistamisest.\u00a0<br>3.4. J\u00e4reltellimisel olevate toodete tarneaeg on kuni 6 n\u00e4dalat. Tarneajaga seotud muudatustest teavitab veebipood klienti esimesel v\u00f5imalusel.<br><br><strong>4. R\u00d5IVASTE RENT<\/strong><br>4.1. Spark of Fire veebipoest on v\u00f5imalik r\u00f5ivaid rentida (olenevalt v\u00f5istluse kestvusest) \u00fcheks kuni neljaks p\u00e4evaks.\u00a0<br>4.2. R\u00f5ivaste k\u00e4ttesaamine ja tagastamine toimub m\u00fc\u00fcjaga kokkuleppeliselt kas k\u00e4est-k\u00e4tte viisil Tallinnas v\u00f5i lepingulise kullerfirma kaudu pakiautomaati. Kullerfirmat kasutades tasub transpordikulud klient. K\u00e4ttesaamise ja tagastuse t\u00e4pne kuup\u00e4ev m\u00e4\u00e4ratakse kindlaks m\u00fc\u00fcja ja kliendi kokkuleppe tulemusena. R\u00f5ivad tuleb tagastada t\u00e4iskomplektsena ning samas seisukorras, nagu need saadi.<br>4.3. Kui klient tagastusega hilineb, rakendub lisatasu 20\u20ac iga hilinenud p\u00e4eva eest. <br>4.4. Renditud r\u00f5ivaid ei tohi ise pesta, t\u00f6\u00f6delda, muuta ega korrigeerida, kui ei ole kokkulepitud teisiti. M\u00e4\u00e4rdumised, mis on tekkinud kokkupuutel v\u00f5istlustel kasutatava grimmiga, on t\u00e4iesti lubatud ning ei too endaga kaasa lisatasusid. K\u00f5ik r\u00f5ivad puhastatakse professionaalselt meie poolt p\u00e4rast tagastamist.\u00a0<br>4.5. Klient vastutab renditud r\u00f5ivaste s\u00e4ilimise ja seisukorra eest rendiperioodi jooksul. Kui r\u00f5ivas h\u00e4vib v\u00f5i muutub kasutusk\u00f5lbmatuks tingimuste mittej\u00e4rgimise t\u00f5ttu, on klient kohustatud h\u00fcvitama eseme t\u00e4ishinna.\u00a0<br><br><strong>5. TAGANEMIS\u00d5IGUS<\/strong><br>5.1. P\u00e4rast tellimuse k\u00e4ttesaamist on ostjal \u00f5igus e-poes s\u00f5lmitud lepingust taganeda 14 p\u00e4eva jooksul.<br>5.2. Punktis 5.1. s\u00e4testatud taganemis\u00f5igus ei kohaldu:<br>    5.2.1.\u00a0V\u00d5S \u00a7 53 l\u00f5ike 4 punkti 3 kohaselt eritellimusena tehtud toodetele;<br>    5.2.2. kui ostjaks on juriidiline isik.<br>5.3. 14-p\u00e4evase tagastamis\u00f5iguse kasutamiseks ei tohi tellitud kaupa kasutada muul viisil kui on vajalik kauba olemuses, omadustes ja toimimises veendumiseks viisil nagu see on lubatud kauba testimiseks f\u00fc\u00fcsilises poes.<br>5.4. Kui kaupa on kasutatud muuks otstarbeks kui on vajalik kauba olemuses, omadustes ja toimimises veendumiseks v\u00f5i sellel on kasutamise v\u00f5i kulumise m\u00e4rke, on Veebipoel \u00f5igus alandada tagastatavat tasu vastavalt kauba v\u00e4\u00e4rtuse v\u00e4henemisele.<br>5.5. Kauba tagastamiseks tuleb esitada taganemise avaldus ning saata see e-posti aadressile: hello@sparkoffire.com hiljemalt 14 p\u00e4eva jooksul kauba k\u00e4ttesaamisest.<br>5.6. Kauba tagastamise kulud kannab ostja, v\u00e4lja arvatud juhul, kui tagastamise p\u00f5hjus seisneb asjaolus, et tagastamisele kuuluv toode ei vasta tellitule (nt vale v\u00f5i defektiga toode).<br>5.7. Veebipood v\u00f5ib keelduda tagasimaksete tegemisest seni, kuni on lepingu esemeks oleva asja tagasi saanud v\u00f5i kuni ostja on esitanud t\u00f5endid, et on asja tagasi saatnud, s\u00f5ltuvalt sellest, kumb toimub varem.<br>5.8. Veebipoel on \u00f5igus taganeda m\u00fc\u00fcgitehingust ning n\u00f5uda ostjalt tagasi kaup, kui kauba hind veebipoes on eksituse t\u00f5ttu m\u00e4rgitud oluliselt alla kauba turuhinna.<br><br><strong>6. PRETENSIOONI ESITAMISE \u00d5IGUS<\/strong><br>6.1. Veebipood vastutab ostjale m\u00fc\u00fcdud kauba lepingutingimustele mittevastavuse v\u00f5i puuduse eest seaduses s\u00e4testatud juhtudel ja korras.<br>6.2. Ostjal on \u00f5igus puuduse ilmnemisel p\u00f6\u00f6rduda hiljemalt kahe kuu jooksul veebipoe poole, saates e-kirja aadressile: hello@sparkoffire.com<br>6.3. Veebipood ei vastuta puuduste eest, mis on tekkinud p\u00e4rast kauba \u00fcleandmist ostjale.<br>6.4. Kui veebipoest ostetud kaubal on puudused, mille eest veebipood vastutab, parandab v\u00f5i asendab veebipood puudusega kauba. Kui kaupa ei ole v\u00f5imalik parandada ega asendada, tagastab veebipood ostjale k\u00f5ik m\u00fc\u00fcgilepinguga kaasnenud tasud.<br><br><strong>7. ISIKUANDMETE T\u00d6\u00d6TLEMINE<\/strong><br>7.1. Veebipood kasutab ostja poolt sisestatud isikuandmeid ainult tellimuse t\u00f6\u00f6tlemiseks ning kauba ostjale saatmiseks. Veebipood edastab isikuandmeid veoteenust pakkuvale ettev\u00f5tetele selleks, et kohale toimetada kaupa. Isikuandmete t\u00f6\u00f6tlemise kohta saab l\u00e4hemalt lugeda privaatsuspoliitikast.\u00a0<br><br><strong>8. VAIDLUSTE LAHENDAMINE<\/strong><br>8.1. Kui ostjal on veebipoe osas pretensioone, tuleb need saata aadressile: hello@sparkoffire.com<br>8.2. Kui ostja ja veebipood ei suuda lahendada vaidlust kokkuleppe teel, siis on ostjal v\u00f5imalik p\u00f6\u00f6rduda Tarbijavaidluste komisjoni poole. Menetlustingimustega saab tutvuda ning avaldust esitada:\u00a0<a href=\"https:\/\/ttja.ee\/tarbijavaidluste-komisjon\">https:\/\/ttja.ee\/tarbijavaidluste-komisjon<\/a>. Tarbjavaidlus komisjoni p\u00e4devuses on lahendada ostja ja veebipoe vahel s\u00f5lmitud lepingust tulenevaid vaidlusi. Ostja kaebuse l\u00e4bivaatamine komisjonis on tasu.<br> <br>M\u00fc\u00fcgitingimused kehtivad alates 12.02.2026. K\u00e4esolev dokument on koostatud eesti ja inglise keeles. Versioonide vastuolude korral on \u00fclimuslik eestikeelne versioon.<\/p><\/div>\n<\/div><\/div>","protected":false},"excerpt":{"rendered":"<p>Veebipoe sparkoffire.com omanik on O\u00dc Reidlaw (registrikood 17155043).1. M\u00dc\u00dcGILEPINGU KEHTIVUS, KAUBA- JA HINNAINFO 1.1. M\u00fc\u00fcgitingimused kehtivad Veebipoest kaupade ostmisel.1.2. Veebipoes [&hellip;]<\/p>\n","protected":false},"author":1,"featured_media":0,"parent":0,"menu_order":0,"comment_status":"closed","ping_status":"closed","template":"","meta":{"_uag_custom_page_level_css":"","site-sidebar-layout":"default","site-content-layout":"","ast-site-content-layout":"default","site-content-style":"default","site-sidebar-style":"default","ast-global-header-display":"","ast-banner-title-visibility":"","ast-main-header-display":"","ast-hfb-above-header-display":"","ast-hfb-below-header-display":"","ast-hfb-mobile-header-display":"","site-post-title":"disabled","ast-breadcrumbs-content":"","ast-featured-img":"","footer-sml-layout":"","ast-disable-related-posts":"","theme-transparent-header-meta":"","adv-header-id-meta":"","stick-header-meta":"","header-above-stick-meta":"","header-main-stick-meta":"","header-below-stick-meta":"","astra-migrate-meta-layouts":"default","ast-page-background-enabled":"default","ast-page-background-meta":{"desktop":{"background-color":"var(--ast-global-color-4)","background-image":"","background-repeat":"repeat","background-position":"center center","background-size":"auto","background-attachment":"scroll","background-type":"","background-media":"","overlay-type":"","overlay-color":"","overlay-opacity":"","overlay-gradient":""},"tablet":{"background-color":"","background-image":"","background-repeat":"repeat","background-position":"center center","background-size":"auto","background-attachment":"scroll","background-type":"","background-media":"","overlay-type":"","overlay-color":"","overlay-opacity":"","overlay-gradient":""},"mobile":{"background-color":"","background-image":"","background-repeat":"repeat","background-position":"center center","background-size":"auto","background-attachment":"scroll","background-type":"","background-media":"","overlay-type":"","overlay-color":"","overlay-opacity":"","overlay-gradient":""}},"ast-content-background-meta":{"desktop":{"background-color":"var(--ast-global-color-5)","background-image":"","background-repeat":"repeat","background-position":"center center","background-size":"auto","background-attachment":"scroll","background-type":"","background-media":"","overlay-type":"","overlay-color":"","overlay-opacity":"","overlay-gradient":""},"tablet":{"background-color":"var(--ast-global-color-5)","background-image":"","background-repeat":"repeat","background-position":"center center","background-size":"auto","background-attachment":"scroll","background-type":"","background-media":"","overlay-type":"","overlay-color":"","overlay-opacity":"","overlay-gradient":""},"mobile":{"background-color":"var(--ast-global-color-5)","background-image":"","background-repeat":"repeat","background-position":"center center","background-size":"auto","background-attachment":"scroll","background-type":"","background-media":"","overlay-type":"","overlay-color":"","overlay-opacity":"","overlay-gradient":""}},"footnotes":""},"class_list":["post-10","page","type-page","status-publish","hentry"],"uagb_featured_image_src":{"full":false,"thumbnail":false,"medium":false,"medium_large":false,"large":false,"1536x1536":false,"2048x2048":false,"trp-custom-language-flag":false,"woocommerce_thumbnail":false,"woocommerce_single":false,"woocommerce_gallery_thumbnail":false},"uagb_author_info":{"display_name":"sofbik","author_link":"https:\/\/sparkoffire.com\/en\/author\/sofbik\/"},"uagb_comment_info":0,"uagb_excerpt":"Veebipoe sparkoffire.com omanik on O\u00dc Reidlaw (registrikood 17155043).1. M\u00dc\u00dcGILEPINGU KEHTIVUS, KAUBA- JA HINNAINFO 1.1. M\u00fc\u00fcgitingimused kehtivad Veebipoest kaupade ostmisel.1.2. Veebipoes [&hellip;]","_links":{"self":[{"href":"https:\/\/sparkoffire.com\/en\/wp-json\/wp\/v2\/pages\/10","targetHints":{"allow":["GET"]}}],"collection":[{"href":"https:\/\/sparkoffire.com\/en\/wp-json\/wp\/v2\/pages"}],"about":[{"href":"https:\/\/sparkoffire.com\/en\/wp-json\/wp\/v2\/types\/page"}],"author":[{"embeddable":true,"href":"https:\/\/sparkoffire.com\/en\/wp-json\/wp\/v2\/users\/1"}],"replies":[{"embeddable":true,"href":"https:\/\/sparkoffire.com\/en\/wp-json\/wp\/v2\/comments?post=10"}],"version-history":[{"count":5,"href":"https:\/\/sparkoffire.com\/en\/wp-json\/wp\/v2\/pages\/10\/revisions"}],"predecessor-version":[{"id":712,"href":"https:\/\/sparkoffire.com\/en\/wp-json\/wp\/v2\/pages\/10\/revisions\/712"}],"wp:attachment":[{"href":"https:\/\/sparkoffire.com\/en\/wp-json\/wp\/v2\/media?parent=10"}],"curies":[{"name":"wp","href":"https:\/\/api.w.org\/{rel}","templated":true}]}}